{"id":80,"date":"2023-03-25T18:27:06","date_gmt":"2023-03-25T17:27:06","guid":{"rendered":"http:\/\/agrion-risle-charentonne.fr\/?page_id=80"},"modified":"2023-04-23T10:02:32","modified_gmt":"2023-04-23T08:02:32","slug":"liens","status":"publish","type":"page","link":"https:\/\/agrion-risle-charentonne.fr\/index.php\/liens\/","title":{"rendered":"Liens"},"content":{"rendered":"\n<p>Voici quelques liens vers les pages des associations locales et nationales avec lesquelles l&rsquo;Agrion entretient de nombreux \u00e9changes.<\/p>\n\n\n\n<h2 class=\"wp-block-heading\">MJC Bernay<\/h2>\n\n\n\n<p>La <strong>Maison des Jeunes et de la Culture de Bernay<\/strong> promeut les initiatives sociales et culturelles sur le territoire Risle-Charentonne, et relaye les actualit\u00e9s des associations du territoire.<\/p>\n\n\n\n<div class=\"wp-block-buttons is-content-justification-right is-layout-flex wp-container-core-buttons-is-layout-765c4724 wp-block-buttons-is-layout-flex\">\n<div class=\"wp-block-button\"><a class=\"wp-block-button__link wp-element-button\" href=\"http:\/\/www.mjcbernay.fr\/index.asp\" target=\"_blank\" rel=\"noreferrer noopener\">Site web<\/a><\/div>\n\n\n\n<div class=\"wp-block-button\"><a class=\"wp-block-button__link wp-element-button\" href=\"https:\/\/www.facebook.com\/mjc.debernay.7\" target=\"_blank\" rel=\"noreferrer noopener\">Facebook<\/a><\/div>\n<\/div>\n\n\n\n<h2 class=\"wp-block-heading\">1000 et 1 l\u00e9gumes<\/h2>\n\n\n\n<p>L&rsquo;association <strong>1000 et 1 l\u00e9gumes<\/strong> (potager de Beaumesnil) propose de nombreuses activit\u00e9s pour tous les publics : ateliers de jardinage et de cuisine, animations, etc. L&rsquo;association propose \u00e9galement contre adh\u00e9sion des <strong>paniers l\u00e9gumes hebdomadaires <\/strong>respectant le cahier des charges de l&rsquo;<strong>agriculture biologique<\/strong>.<\/p>\n\n\n\n<div class=\"wp-block-buttons is-content-justification-right is-layout-flex wp-container-core-buttons-is-layout-765c4724 wp-block-buttons-is-layout-flex\">\n<div class=\"wp-block-button\"><a class=\"wp-block-button__link wp-element-button\" href=\"http:\/\/www.1001legumes.com\/\" target=\"_blank\" rel=\"noreferrer noopener\">Site web<\/a><\/div>\n<\/div>\n\n\n\n<h2 class=\"wp-block-heading\">Le Trait d&rsquo;Union<\/h2>\n\n\n\n<p>Le <strong>Trait d&rsquo;Union<\/strong> est un<strong> caf\u00e9 associatif<\/strong> bas\u00e9 \u00e0 Bernay, proposant des concerts, conf\u00e9rences, d\u00e9bats, ateliers et soir\u00e9es jeux. Venez nombreux et n&rsquo;h\u00e9sitez pas \u00e0 devenir b\u00e9n\u00e9vole !<\/p>\n\n\n\n<div class=\"wp-block-buttons is-content-justification-right is-layout-flex wp-container-core-buttons-is-layout-765c4724 wp-block-buttons-is-layout-flex\">\n<div class=\"wp-block-button\"><a class=\"wp-block-button__link wp-element-button\" href=\"https:\/\/letraitdunionbernay.fr\/\" target=\"_blank\" rel=\"noreferrer noopener\">Site web<\/a><\/div>\n\n\n\n<div class=\"wp-block-button\"><a class=\"wp-block-button__link wp-element-button\" href=\"https:\/\/www.facebook.com\/letraitdunionbernay\" target=\"_blank\" rel=\"noreferrer noopener\">Facebook<\/a><\/div>\n\n\n\n<div class=\"wp-block-button\"><a class=\"wp-block-button__link wp-element-button\" href=\"https:\/\/calendar.google.com\/calendar\/u\/0\/embed?src=bo0efpgr0rihhi140aa7h4cqtg@group.calendar.google.com&amp;ctz=Europe\/Paris&amp;pli=1\" target=\"_blank\" rel=\"noreferrer noopener\">Calendrier<\/a><\/div>\n<\/div>\n\n\n\n<h2 class=\"wp-block-heading\">Nature Ouest Eure Sauvegarde<\/h2>\n\n\n\n<p>Ne vous sentez plus impuissant si vous \u00eates t\u00e9moin d&rsquo;un \u00e9v\u00e8nement d\u00e9gradant notre biodiversit\u00e9 ! NOES est une association <a rel=\"noreferrer noopener\" href=\"https:\/\/actu.fr\/normandie\/pont-audemer_27467\/une-association-de-defense-de-la-biodiversite-est-nee-a-pont-audemer_54181640.html\" data-type=\"URL\" data-id=\"https:\/\/actu.fr\/normandie\/pont-audemer_27467\/une-association-de-defense-de-la-biodiversite-est-nee-a-pont-audemer_54181640.html\" target=\"_blank\">n\u00e9e du collectif <em>Les crapauds de Pontau<\/em><\/a>, qui a men\u00e9 la contestation de l&rsquo;implantation d&rsquo;une entreprise dans la zone de Saint-Ulfrant, \u00e0 Pont-Audemer, afin de pr\u00e9server les nombreuses esp\u00e8ces prot\u00e9g\u00e9es de batraciens qui demeurent dans la r\u00e9gion. L&rsquo;association m\u00e8ne un combat plus g\u00e9n\u00e9ral de pr\u00e9servation de la biodiversit\u00e9 dans le secteur.<\/p>\n\n\n\n<div class=\"wp-block-buttons is-content-justification-right is-layout-flex wp-container-core-buttons-is-layout-765c4724 wp-block-buttons-is-layout-flex\">\n<div class=\"wp-block-button\"><a class=\"wp-block-button__link wp-element-button\" href=\"https:\/\/www.facebook.com\/profile.php?id=100088301885885\" target=\"_blank\" rel=\"noreferrer noopener\">FACEBOOK<\/a><\/div>\n<\/div>\n\n\n\n<h2 class=\"wp-block-heading\">Au gr\u00e9 des ondes<\/h2>\n\n\n\n<p>Fond\u00e9e en 2019 par deux pianistes, H\u00e9l\u00e8ne LELOUP et Cl\u00e9ment G\u00c9L\u00c9BART, l&rsquo;association Au Gr\u00e9 des Ondes propose des concerts, r\u00e9citals et autres formes de prestations musicales en collaboration avec d&rsquo;autres arts et esth\u00e9tiques.<\/p>\n\n\n\n<p>L&rsquo;association Au gr\u00e9 des ondes a pour mission de diffuser le patrimoine musical, en particulier la musique classique \u00e0 Bernay (27) et ses environs.<\/p>\n\n\n\n<div class=\"wp-block-buttons is-content-justification-right is-layout-flex wp-container-core-buttons-is-layout-765c4724 wp-block-buttons-is-layout-flex\">\n<div class=\"wp-block-button\"><a class=\"wp-block-button__link wp-element-button\" href=\"https:\/\/www.augredesondes.com\/bienvenue\" target=\"_blank\" rel=\"noreferrer noopener\">SITE WEB<\/a><\/div>\n\n\n\n<div class=\"wp-block-button\"><a class=\"wp-block-button__link wp-element-button\" href=\"https:\/\/www.facebook.com\/asso.augredesondes\" target=\"_blank\" rel=\"noreferrer noopener\">FACEBOOK<\/a><\/div>\n<\/div>\n\n\n\n<h2 class=\"wp-block-heading\">Ligue pour la Protection des Oiseaux<\/h2>\n\n\n\n<p>La LPO a pour objet sur le territoire national et ponctuellement \u00e0 l\u2019international, d&rsquo;agir ou de favoriser les actions en faveur de la nature et de la biodiversit\u00e9.<\/p>\n\n\n\n<p>Pour mener \u00e0 bien ses actions en faveur de la nature et de la biodiversit\u00e9, les domaines d\u2019intervention de la LPO sont :<\/p>\n\n\n\n<ul class=\"wp-block-list\">\n<li>La connaissance, l\u2019expertise et la recherche ;<\/li>\n\n\n\n<li>La protection, la conservation et la d\u00e9fense ;&nbsp;<\/li>\n\n\n\n<li>La gestion et la reconqu\u00eate ;&nbsp;<\/li>\n\n\n\n<li>L\u2019\u00e9ducation et la valorisation ;&nbsp;<\/li>\n<\/ul>\n\n\n\n<p>L\u2019association contribue \u00e0 l\u2019observation, \u00e0 la compr\u00e9hension et au suivi de l\u2019\u00e9volution de la nature et de la biodiversit\u00e9 en proposant toutes actions qui leur seraient favorables.<\/p>\n\n\n\n<div class=\"wp-block-buttons is-content-justification-right is-layout-flex wp-container-core-buttons-is-layout-765c4724 wp-block-buttons-is-layout-flex\">\n<div class=\"wp-block-button\"><a class=\"wp-block-button__link wp-element-button\" href=\"https:\/\/www.lpo.fr\/\" target=\"_blank\" rel=\"noreferrer noopener\">SITE WEB<\/a><\/div>\n\n\n\n<div class=\"wp-block-button\"><a class=\"wp-block-button__link wp-element-button\" href=\"https:\/\/www.facebook.com\/LPO.fr\/\" target=\"_blank\" rel=\"noreferrer noopener\">FACEBOOK<\/a><\/div>\n\n\n\n<div class=\"wp-block-button\"><a class=\"wp-block-button__link wp-element-button\" href=\"https:\/\/www.instagram.com\/lpo_officiel\/\" target=\"_blank\" rel=\"noreferrer noopener\">INSTAGRAM<\/a><\/div>\n<\/div>\n\n\n\n<h2 class=\"wp-block-heading\">Groupe Mammalogique Normand (GMN)<\/h2>\n\n\n\n<p>Mammif\u00e8res terrestres, marins ou aquatiques, la Normandie compte de nombreuses richesses. Le Groupe Mammalogique Normand est une association de b\u00e9n\u00e9voles soutenus par une \u00e9quipe salari\u00e9e de 9 personnes, \u0153uvrant depuis 40 ans \u00e0 la connaissance et \u00e0 la protection des Mammif\u00e8res sauvages.<\/p>\n\n\n\n<div class=\"wp-block-buttons is-content-justification-right is-layout-flex wp-container-core-buttons-is-layout-765c4724 wp-block-buttons-is-layout-flex\">\n<div class=\"wp-block-button\"><a class=\"wp-block-button__link wp-element-button\" href=\"https:\/\/www.gmn.asso.fr\/\" target=\"_blank\" rel=\"noreferrer noopener\">SITE WEB<\/a><\/div>\n<\/div>\n\n\n\n<h2 class=\"wp-block-heading\">Groupe Ornithologique Normand (GONm)<\/h2>\n\n\n\n<p>Le&nbsp;Groupe Ornithologique Normand a pour principales missions&nbsp;l&rsquo;\u00e9tude&nbsp;et la&nbsp;protection&nbsp;des oiseaux et de leurs milieux sur les 5 d\u00e9partements de la r\u00e9gion Normandie.<\/p>\n\n\n\n<div class=\"wp-block-buttons is-content-justification-right is-layout-flex wp-container-core-buttons-is-layout-765c4724 wp-block-buttons-is-layout-flex\">\n<div class=\"wp-block-button\"><a class=\"wp-block-button__link wp-element-button\" href=\"https:\/\/www.gonm.org\/\" target=\"_blank\" rel=\"noreferrer noopener\">SITE WEB<\/a><\/div>\n\n\n\n<div class=\"wp-block-button\"><a class=\"wp-block-button__link wp-element-button\" href=\"https:\/\/www.facebook.com\/GroupeOrnithologiqueNormand\" target=\"_blank\" rel=\"noreferrer noopener\">FACEBOOK<\/a><\/div>\n\n\n\n<div class=\"wp-block-button\"><a class=\"wp-block-button__link wp-element-button\" href=\"https:\/\/www.instagram.com\/groupeornithologiquenormand\/\" target=\"_blank\" rel=\"noreferrer noopener\">INSTAGRAM<\/a><\/div>\n<\/div>\n\n\n\n<h2 class=\"wp-block-heading\">Observatoire des Vers Luisants<\/h2>\n\n\n\n<p>L\u2019Observatoire des Vers Luisants est un programme de sciences participatives qui permet de\u00a0<strong>faire avancer la recherche, tout en impliquant le grand public.<\/strong>\u00a0Ce programme s\u2019articule autour de deux volets :\u00a0<strong>les \u00e9tudes scientifiques et la sensibilisation.<\/strong><br>Ce projet vise \u00e0 d\u00e9terminer les causes du d\u00e9clin des insectes lumineux au cours des derni\u00e8res d\u00e9cennies et d\u2019am\u00e9liorer l\u2019\u00e9tat des connaissances sur les lucioles et les diff\u00e9rentes esp\u00e8ces de vers luisants.<\/p>\n\n\n\n<div class=\"wp-block-buttons is-content-justification-right is-layout-flex wp-container-core-buttons-is-layout-765c4724 wp-block-buttons-is-layout-flex\">\n<div class=\"wp-block-button\"><a class=\"wp-block-button__link wp-element-button\" href=\"http:\/\/www.asterella.eu\/NEOKIPOS\/ovl.php?pays=FRANCE&amp;p=\" target=\"_blank\" rel=\"noreferrer noopener\">SITE WEB<\/a><\/div>\n<\/div>\n\n\n\n<h2 class=\"wp-block-heading\">Office National des F\u00f4rets<\/h2>\n\n\n\n<p>Acteur majeur de la fili\u00e8re for\u00eat-bois, l\u2019Office national des for\u00eats (ONF) rassemble 8 200 professionnels. En M\u00e9tropole et en Outre-mer, l\u2019ONF g\u00e8re pr\u00e8s de 11 millions d\u2019hectares de for\u00eats publiques appartenant \u00e0 l\u2019\u00c9tat et aux collectivit\u00e9s territoriales.<\/p>\n\n\n\n<p>A la suite du pr\u00e9c\u00e9dent Contrat d&rsquo;objectifs et de performance 2016-2020, l<a href=\"https:\/\/www.onf.fr\/\" target=\"_blank\" rel=\"noreferrer noopener\">\u2019ONF&nbsp;<\/a>a sign\u00e9 un<strong>&nbsp;contrat avec l\u2019Etat&nbsp;<\/strong>pour la p\u00e9riode<strong>&nbsp;2021-2025.<\/strong>&nbsp;Elabor\u00e9 en concertation avec les diff\u00e9rentes parties prenantes de l\u2019ONF, ce&nbsp;<strong>contrat Etat-ONF<\/strong>&nbsp;s\u2019inscrit au regard des d\u00e9fis que rencontre la for\u00eat face au&nbsp;<a href=\"https:\/\/www.onf.fr\/vivre-la-foret\/raconte-moi-la-foret\/comprendre-la-foret\/foret-et-changement-climatique\" target=\"_blank\" rel=\"noreferrer noopener\">changement climatique<\/a>&nbsp;et du potentiel qu&rsquo;elle repr\u00e9sente par la valorisation des mat\u00e9riaux bois dans l&rsquo;att\u00e9nuation du r\u00e9chauffement climatique.<\/p>\n\n\n\n<div class=\"wp-block-buttons is-content-justification-right is-layout-flex wp-container-core-buttons-is-layout-765c4724 wp-block-buttons-is-layout-flex\">\n<div class=\"wp-block-button\"><a class=\"wp-block-button__link wp-element-button\" href=\"https:\/\/www.onf.fr\/\" target=\"_blank\" rel=\"noreferrer noopener\">SITE WEB<\/a><\/div>\n<\/div>\n\n\n\n<h2 class=\"wp-block-heading\">La Hulotte (journal)<\/h2>\n\n\n\n<p>Quel est l&rsquo;animal le mieux renseign\u00e9 de la for\u00eat ?<\/p>\n\n\n\n<p>C&rsquo;est la Hulotte, la pipelette de la for\u00eat. Depuis 1972, elle r\u00e9dige la plus marrante et la plus savante des petites encyclop\u00e9dies de la Nature : plus de 100 num\u00e9ros disponibles, 4 000 pages de r\u00e9v\u00e9lations exclusives sur tous ses voisins, animaux, fleurs, arbres, illustr\u00e9es de plus de 10 000 superbes dessins \u00e0 la plume !<\/p>\n\n\n\n<div class=\"wp-block-buttons is-content-justification-right is-layout-flex wp-container-core-buttons-is-layout-765c4724 wp-block-buttons-is-layout-flex\">\n<div class=\"wp-block-button\"><a class=\"wp-block-button__link wp-element-button\" href=\"https:\/\/www.lahulotte.fr\/presentation.php\" target=\"_blank\" rel=\"noreferrer noopener\">SITE WEB<\/a><\/div>\n<\/div>\n","protected":false},"excerpt":{"rendered":"<p>Voici quelques liens vers les pages des associations locales et nationales avec lesquelles l&rsquo;Agrion entretient de nombreux \u00e9changes. MJC Bernay La Maison des Jeunes et de la Culture de Bernay [&hellip;]<\/p>\n","protected":false},"author":1,"featured_media":0,"parent":0,"menu_order":0,"comment_status":"closed","ping_status":"closed","template":"","meta":{"_EventAllDay":false,"_EventTimezone":"","_EventStartDate":"","_EventEndDate":"","_EventStartDateUTC":"","_EventEndDateUTC":"","_EventShowMap":false,"_EventShowMapLink":false,"_EventURL":"","_EventCost":"","_EventCostDescription":"","_EventCurrencySymbol":"","_EventCurrencyCode":"","_EventCurrencyPosition":"","_EventDateTimeSeparator":"","_EventTimeRangeSeparator":"","_EventOrganizerID":[],"_EventVenueID":[],"_OrganizerEmail":"","_OrganizerPhone":"","_OrganizerWebsite":"","_VenueAddress":"","_VenueCity":"","_VenueCountry":"","_VenueProvince":"","_VenueState":"","_VenueZip":"","_VenuePhone":"","_VenueURL":"","_VenueStateProvince":"","_VenueLat":"","_VenueLng":"","_VenueShowMap":false,"_VenueShowMapLink":false,"footnotes":""},"class_list":["post-80","page","type-page","status-publish","hentry"],"_links":{"self":[{"href":"https:\/\/agrion-risle-charentonne.fr\/index.php\/wp-json\/wp\/v2\/pages\/80","targetHints":{"allow":["GET"]}}],"collection":[{"href":"https:\/\/agrion-risle-charentonne.fr\/index.php\/wp-json\/wp\/v2\/pages"}],"about":[{"href":"https:\/\/agrion-risle-charentonne.fr\/index.php\/wp-json\/wp\/v2\/types\/page"}],"author":[{"embeddable":true,"href":"https:\/\/agrion-risle-charentonne.fr\/index.php\/wp-json\/wp\/v2\/users\/1"}],"replies":[{"embeddable":true,"href":"https:\/\/agrion-risle-charentonne.fr\/index.php\/wp-json\/wp\/v2\/comments?post=80"}],"version-history":[{"count":10,"href":"https:\/\/agrion-risle-charentonne.fr\/index.php\/wp-json\/wp\/v2\/pages\/80\/revisions"}],"predecessor-version":[{"id":247,"href":"https:\/\/agrion-risle-charentonne.fr\/index.php\/wp-json\/wp\/v2\/pages\/80\/revisions\/247"}],"wp:attachment":[{"href":"https:\/\/agrion-risle-charentonne.fr\/index.php\/wp-json\/wp\/v2\/media?parent=80"}],"curies":[{"name":"wp","href":"https:\/\/api.w.org\/{rel}","templated":true}]}}