{"id":158,"date":"2023-04-08T10:29:03","date_gmt":"2023-04-08T08:29:03","guid":{"rendered":"http:\/\/agrion-risle-charentonne.fr\/?page_id=158"},"modified":"2023-04-14T06:38:54","modified_gmt":"2023-04-14T04:38:54","slug":"adhesions","status":"publish","type":"page","link":"https:\/\/agrion-risle-charentonne.fr\/index.php\/adhesions\/","title":{"rendered":"Adh\u00e9sions"},"content":{"rendered":"\n<p>L&rsquo;Agrion propose plusieurs modes d&rsquo;adh\u00e9sion \u00e0 l&rsquo;ann\u00e9e :<\/p>\n\n\n\n<p>Une <strong>adh\u00e9sion simple<\/strong> (10 \u20ac par personne), permettant d&rsquo;apporter un soutien \u00e0 l&rsquo;association pour l&rsquo;organisation des <a rel=\"noreferrer noopener\" href=\"https:\/\/agrion-risle-charentonne.fr\/index.php\/category\/evenements\/\" data-type=\"category\" data-id=\"6\" target=\"_blank\">conf\u00e9rences et des \u00e9v\u00e8nements<\/a> (paiement de l&rsquo;assurance, prise en charge des frais de d\u00e9placement des conf\u00e9renciers, achat de mat\u00e9riel pour la diffusion, paiement de l&rsquo;h\u00e9bergement du site web, etc.). L&rsquo;adh\u00e9sion est ramen\u00e9e \u00e0 5 \u20ac pour les mineurs, demandeurs d&#8217;emploi et b\u00e9n\u00e9ficiaires des minima sociaux.<\/p>\n\n\n\n<p>Une <strong>adh\u00e9sion \u00e9tendue<\/strong> (20 \u20ac par personne, modulable pour les demandeurs d&#8217;emploi et b\u00e9n\u00e9ficiaires des minima sociaux) pour l&rsquo;acc\u00e8s aux <a rel=\"noreferrer noopener\" href=\"https:\/\/agrion-risle-charentonne.fr\/index.php\/les-jardins-partages-de-lagrion\/\" data-type=\"page\" data-id=\"14\" target=\"_blank\">jardins partag\u00e9s<\/a> de la rue de Champagne et du presbyt\u00e8re de la Couture. L&rsquo;adh\u00e9sion permet notamment l&rsquo;achat de mat\u00e9riel commun de jardinage ainsi que l&rsquo;entretien des cabanes de jardin.<\/p>\n\n\n\n<p>Pour adh\u00e9rer, il suffit de vous rendre \u00e0 une conf\u00e9rence organis\u00e9e par l&rsquo;association et de remettre votre cotisation par ch\u00e8que (\u00e0 l&rsquo;ordre de l&rsquo;Agrion RIC) ou en esp\u00e8ces au pr\u00e9sident ou au tr\u00e9sorier.<\/p>\n\n\n\n<p class=\"has-text-align-center has-accent-background-color has-background\">Vous pouvez \u00e9galement adh\u00e9rer en ligne via HelloAsso.<\/p>\n\n\n\n<div class=\"wp-block-buttons is-content-justification-center is-layout-flex wp-container-core-buttons-is-layout-16018d1d wp-block-buttons-is-layout-flex\">\n<div class=\"wp-block-button\"><a class=\"wp-block-button__link wp-element-button\" href=\"https:\/\/www.helloasso.com\/associations\/l-agrion-initiatives-ecologiques-pour-le-developpement-soutenable-en-pays-risle-charentonne\/adhesions\/adhesion\" target=\"_blank\" rel=\"noreferrer noopener\">ADHESION EN LIGNE<\/a><\/div>\n<\/div>\n","protected":false},"excerpt":{"rendered":"<p>L&rsquo;Agrion propose plusieurs modes d&rsquo;adh\u00e9sion \u00e0 l&rsquo;ann\u00e9e : Une adh\u00e9sion simple (10 \u20ac par personne), permettant d&rsquo;apporter un soutien \u00e0 l&rsquo;association pour l&rsquo;organisation des conf\u00e9rences et des \u00e9v\u00e8nements (paiement de [&hellip;]<\/p>\n","protected":false},"author":1,"featured_media":0,"parent":0,"menu_order":0,"comment_status":"closed","ping_status":"closed","template":"","meta":{"_EventAllDay":false,"_EventTimezone":"","_EventStartDate":"","_EventEndDate":"","_EventStartDateUTC":"","_EventEndDateUTC":"","_EventShowMap":false,"_EventShowMapLink":false,"_EventURL":"","_EventCost":"","_EventCostDescription":"","_EventCurrencySymbol":"","_EventCurrencyCode":"","_EventCurrencyPosition":"","_EventDateTimeSeparator":"","_EventTimeRangeSeparator":"","_EventOrganizerID":[],"_EventVenueID":[],"_OrganizerEmail":"","_OrganizerPhone":"","_OrganizerWebsite":"","_VenueAddress":"","_VenueCity":"","_VenueCountry":"","_VenueProvince":"","_VenueState":"","_VenueZip":"","_VenuePhone":"","_VenueURL":"","_VenueStateProvince":"","_VenueLat":"","_VenueLng":"","_VenueShowMap":false,"_VenueShowMapLink":false,"footnotes":""},"class_list":["post-158","page","type-page","status-publish","hentry"],"_links":{"self":[{"href":"https:\/\/agrion-risle-charentonne.fr\/index.php\/wp-json\/wp\/v2\/pages\/158","targetHints":{"allow":["GET"]}}],"collection":[{"href":"https:\/\/agrion-risle-charentonne.fr\/index.php\/wp-json\/wp\/v2\/pages"}],"about":[{"href":"https:\/\/agrion-risle-charentonne.fr\/index.php\/wp-json\/wp\/v2\/types\/page"}],"author":[{"embeddable":true,"href":"https:\/\/agrion-risle-charentonne.fr\/index.php\/wp-json\/wp\/v2\/users\/1"}],"replies":[{"embeddable":true,"href":"https:\/\/agrion-risle-charentonne.fr\/index.php\/wp-json\/wp\/v2\/comments?post=158"}],"version-history":[{"count":3,"href":"https:\/\/agrion-risle-charentonne.fr\/index.php\/wp-json\/wp\/v2\/pages\/158\/revisions"}],"predecessor-version":[{"id":194,"href":"https:\/\/agrion-risle-charentonne.fr\/index.php\/wp-json\/wp\/v2\/pages\/158\/revisions\/194"}],"wp:attachment":[{"href":"https:\/\/agrion-risle-charentonne.fr\/index.php\/wp-json\/wp\/v2\/media?parent=158"}],"curies":[{"name":"wp","href":"https:\/\/api.w.org\/{rel}","templated":true}]}}