{"id":14,"date":"2023-03-12T10:52:29","date_gmt":"2023-03-12T09:52:29","guid":{"rendered":"http:\/\/agrion-risle-charentonne.fr\/?page_id=14"},"modified":"2023-04-23T10:40:34","modified_gmt":"2023-04-23T08:40:34","slug":"les-jardins-partages-de-lagrion","status":"publish","type":"page","link":"https:\/\/agrion-risle-charentonne.fr\/index.php\/les-jardins-partages-de-lagrion\/","title":{"rendered":"Les jardins partag\u00e9s de l&rsquo;Agrion"},"content":{"rendered":"\n<h2 class=\"wp-block-heading\">Les jardins partag\u00e9s<\/h2>\n\n\n\n<p>L&rsquo;Agrion propose \u00e0 ses adh\u00e9rents qui en font la demande une parcelle dans un de ses deux <strong>jardins partag\u00e9s<\/strong>. Les jardins sont situ\u00e9s rue de Champagne et au Presbyt\u00e8re, dans le <strong>quartier de la Couture<\/strong> \u00e0 <strong>Bernay<\/strong>.<\/p>\n\n\n\n\n\n<figure class=\"wp-block-image size-large\"><img loading=\"lazy\" decoding=\"async\" width=\"1024\" height=\"331\" src=\"https:\/\/agrion-risle-charentonne.fr\/wp-content\/uploads\/2023\/03\/PXL_20220527_155403815.PANO_-1-1024x331.jpg\" alt=\"\" class=\"wp-image-26\" srcset=\"https:\/\/agrion-risle-charentonne.fr\/wp-content\/uploads\/2023\/03\/PXL_20220527_155403815.PANO_-1-1024x331.jpg 1024w, https:\/\/agrion-risle-charentonne.fr\/wp-content\/uploads\/2023\/03\/PXL_20220527_155403815.PANO_-1-300x97.jpg 300w, https:\/\/agrion-risle-charentonne.fr\/wp-content\/uploads\/2023\/03\/PXL_20220527_155403815.PANO_-1-768x248.jpg 768w, https:\/\/agrion-risle-charentonne.fr\/wp-content\/uploads\/2023\/03\/PXL_20220527_155403815.PANO_-1-1536x497.jpg 1536w, https:\/\/agrion-risle-charentonne.fr\/wp-content\/uploads\/2023\/03\/PXL_20220527_155403815.PANO_-1-2048x662.jpg 2048w, https:\/\/agrion-risle-charentonne.fr\/wp-content\/uploads\/2023\/03\/PXL_20220527_155403815.PANO_-1-1200x388.jpg 1200w, https:\/\/agrion-risle-charentonne.fr\/wp-content\/uploads\/2023\/03\/PXL_20220527_155403815.PANO_-1-1980x640.jpg 1980w\" sizes=\"auto, (max-width: 1024px) 100vw, 1024px\" \/><figcaption class=\"wp-element-caption\">Le jardin du Presbyt\u00e8re de la Couture, en face de la basilique.<\/figcaption><\/figure>\n\n\n\n<figure class=\"wp-block-image size-full\"><img loading=\"lazy\" decoding=\"async\" width=\"932\" height=\"699\" src=\"https:\/\/agrion-risle-charentonne.fr\/wp-content\/uploads\/2023\/04\/IMG_20221018_170130-1.jpg\" alt=\"\" class=\"wp-image-225\" srcset=\"https:\/\/agrion-risle-charentonne.fr\/wp-content\/uploads\/2023\/04\/IMG_20221018_170130-1.jpg 932w, https:\/\/agrion-risle-charentonne.fr\/wp-content\/uploads\/2023\/04\/IMG_20221018_170130-1-300x225.jpg 300w, https:\/\/agrion-risle-charentonne.fr\/wp-content\/uploads\/2023\/04\/IMG_20221018_170130-1-768x576.jpg 768w\" sizes=\"auto, (max-width: 932px) 100vw, 932px\" \/><figcaption class=\"wp-element-caption\">Les jardins partag\u00e9s de la rue de Champagne<\/figcaption><\/figure>\n\n\n\n<p>L&rsquo;adh\u00e9sion \u00e0 l&rsquo;ann\u00e9e pour les jardiniers est de <strong>20 euros<\/strong> (10 euros pour les demandeurs d&#8217;emploi et les b\u00e9n\u00e9ficiaires des minima sociaux). Chaque jardinier dispose de sa propre parcelle, ainsi que d&rsquo;un acc\u00e8s aux <strong>ressources partag\u00e9es<\/strong> : eau pour l&rsquo;arrosage, outils de jardinage, herbes de tonte pour le paillage des sols, compost, etc.<\/p>\n\n\n\n<p>Le jardin partag\u00e9 du presbyt\u00e8re dispose de son groupe WhatsApp pour faciliter les \u00e9changes et l&rsquo;entraide entre les jardiniers.<\/p>\n\n\n\n<div class=\"wp-block-responsive-lightbox-gallery\"><div class=\"rl-gallery-container rl-loading\" id=\"rl-gallery-container-1\" data-gallery_id=\"183\"> <div class=\"rl-gallery rl-basicgrid-gallery rl-hover-effect-1 rl-hover-icon-2\" id=\"rl-gallery-1\" data-gallery_no=\"1\"> <div class=\"rl-gallery-item\"><a href=\"https:\/\/agrion-risle-charentonne.fr\/wp-content\/uploads\/2023\/04\/PXL_20230409_104944318.PANO_.jpg\" title=\"\" data-rl_title=\"\" class=\"rl-gallery-link\" data-rl_caption=\"Les parcelles des jardins partag\u00e9s du presbyt\u00e8re, \u00e0 l&#039;aube de la saison de jardinage.\" data-rel=\"lightbox-gallery-1\"><img loading=\"lazy\" decoding=\"async\" src=\"https:\/\/agrion-risle-charentonne.fr\/wp-content\/uploads\/2023\/04\/PXL_20230409_104944318.PANO_-1024x721.jpg\" width=\"580\" height=\"408\" alt=\"\" \/><span class=\"rl-gallery-caption\"><span class=\"rl-gallery-item-caption\">Les parcelles des jardins partag\u00e9s du presbyt\u00e8re, \u00e0 l&#039;aube de la saison de jardinage.<\/span><\/span><\/a><\/div><div class=\"rl-gallery-item\"><a href=\"https:\/\/agrion-risle-charentonne.fr\/wp-content\/uploads\/2023\/04\/PXL_20230409_104916934-scaled.jpg\" title=\"\" data-rl_title=\"\" class=\"rl-gallery-link\" data-rl_caption=\"Des ressources en eau et des outils de travail sont en acc\u00e8s libre aux jardiniers.\" data-rel=\"lightbox-gallery-1\"><img loading=\"lazy\" decoding=\"async\" src=\"https:\/\/agrion-risle-charentonne.fr\/wp-content\/uploads\/2023\/04\/PXL_20230409_104916934-1024x768.jpg\" width=\"580\" height=\"435\" alt=\"\" \/><span class=\"rl-gallery-caption\"><span class=\"rl-gallery-item-caption\">Des ressources en eau et des outils de travail sont en acc\u00e8s libre aux jardiniers.<\/span><\/span><\/a><\/div><div class=\"rl-gallery-item\"><a href=\"https:\/\/agrion-risle-charentonne.fr\/wp-content\/uploads\/2023\/04\/PXL_20230409_104903442-scaled.jpg\" title=\"\" data-rl_title=\"\" class=\"rl-gallery-link\" data-rl_caption=\"La cabane du jardin abrite de nombreux outils communs. Un compost est \u00e9galement mis \u00e0 disposition.\" data-rel=\"lightbox-gallery-1\"><img loading=\"lazy\" decoding=\"async\" src=\"https:\/\/agrion-risle-charentonne.fr\/wp-content\/uploads\/2023\/04\/PXL_20230409_104903442-1024x768.jpg\" width=\"580\" height=\"435\" alt=\"\" \/><span class=\"rl-gallery-caption\"><span class=\"rl-gallery-item-caption\">La cabane du jardin abrite de nombreux outils communs. Un compost est \u00e9galement mis \u00e0 disposition.<\/span><\/span><\/a><\/div><div class=\"rl-gallery-item\"><a href=\"https:\/\/agrion-risle-charentonne.fr\/wp-content\/uploads\/2023\/04\/PXL_20230409_104653932.PANO_-scaled.jpg\" title=\"\" data-rl_title=\"\" class=\"rl-gallery-link\" data-rl_caption=\"Le tout dans un cadre paisible, id\u00e9al pour venir lire ou se reposer.\" data-rel=\"lightbox-gallery-1\"><img loading=\"lazy\" decoding=\"async\" src=\"https:\/\/agrion-risle-charentonne.fr\/wp-content\/uploads\/2023\/04\/PXL_20230409_104653932.PANO_-1024x620.jpg\" width=\"580\" height=\"351\" alt=\"\" \/><span class=\"rl-gallery-caption\"><span class=\"rl-gallery-item-caption\">Le tout dans un cadre paisible, id\u00e9al pour venir lire ou se reposer.<\/span><\/span><\/a><\/div> <\/div> <\/div><\/div>\n\n\n\n<figure class=\"wp-block-image size-full\"><img loading=\"lazy\" decoding=\"async\" width=\"932\" height=\"699\" src=\"https:\/\/agrion-risle-charentonne.fr\/wp-content\/uploads\/2023\/04\/slider_jardin_champagne003.jpg\" alt=\"\" class=\"wp-image-255\" srcset=\"https:\/\/agrion-risle-charentonne.fr\/wp-content\/uploads\/2023\/04\/slider_jardin_champagne003.jpg 932w, https:\/\/agrion-risle-charentonne.fr\/wp-content\/uploads\/2023\/04\/slider_jardin_champagne003-300x225.jpg 300w, https:\/\/agrion-risle-charentonne.fr\/wp-content\/uploads\/2023\/04\/slider_jardin_champagne003-768x576.jpg 768w\" sizes=\"auto, (max-width: 932px) 100vw, 932px\" \/><\/figure>\n\n\n\n<h2 class=\"wp-block-heading\" id=\"jardins_pedagogiques\">Jardin p\u00e9dagogique<\/h2>\n\n\n\n<p>Les jardins de la rue de Champagne abritent un jardin p\u00e9dagogique cultiv\u00e9 par les \u00e9l\u00e8ves de l&rsquo;<strong>\u00e9cole primaire Ferdinand Buisson<\/strong> de Bernay.<\/p>\n\n\n\n<figure class=\"wp-block-image size-full\"><img loading=\"lazy\" decoding=\"async\" width=\"932\" height=\"699\" src=\"https:\/\/agrion-risle-charentonne.fr\/wp-content\/uploads\/2023\/04\/IMG_20220517_143703_floutage-1.jpg\" alt=\"\" class=\"wp-image-223\" srcset=\"https:\/\/agrion-risle-charentonne.fr\/wp-content\/uploads\/2023\/04\/IMG_20220517_143703_floutage-1.jpg 932w, https:\/\/agrion-risle-charentonne.fr\/wp-content\/uploads\/2023\/04\/IMG_20220517_143703_floutage-1-300x225.jpg 300w, https:\/\/agrion-risle-charentonne.fr\/wp-content\/uploads\/2023\/04\/IMG_20220517_143703_floutage-1-768x576.jpg 768w\" sizes=\"auto, (max-width: 932px) 100vw, 932px\" \/><\/figure>\n\n\n\n<figure class=\"wp-block-image size-full\"><img loading=\"lazy\" decoding=\"async\" width=\"932\" height=\"699\" src=\"https:\/\/agrion-risle-charentonne.fr\/wp-content\/uploads\/2023\/04\/IMG_20220517_143915_floutage-1.jpg\" alt=\"\" class=\"wp-image-224\" srcset=\"https:\/\/agrion-risle-charentonne.fr\/wp-content\/uploads\/2023\/04\/IMG_20220517_143915_floutage-1.jpg 932w, https:\/\/agrion-risle-charentonne.fr\/wp-content\/uploads\/2023\/04\/IMG_20220517_143915_floutage-1-300x225.jpg 300w, https:\/\/agrion-risle-charentonne.fr\/wp-content\/uploads\/2023\/04\/IMG_20220517_143915_floutage-1-768x576.jpg 768w\" sizes=\"auto, (max-width: 932px) 100vw, 932px\" \/><\/figure>\n\n\n\n<figure class=\"wp-block-image size-large\"><img loading=\"lazy\" decoding=\"async\" width=\"1024\" height=\"683\" src=\"https:\/\/agrion-risle-charentonne.fr\/wp-content\/uploads\/2023\/04\/slider_jardin_champagne001-1024x683.jpg\" alt=\"\" class=\"wp-image-254\" srcset=\"https:\/\/agrion-risle-charentonne.fr\/wp-content\/uploads\/2023\/04\/slider_jardin_champagne001-1024x683.jpg 1024w, https:\/\/agrion-risle-charentonne.fr\/wp-content\/uploads\/2023\/04\/slider_jardin_champagne001-300x200.jpg 300w, https:\/\/agrion-risle-charentonne.fr\/wp-content\/uploads\/2023\/04\/slider_jardin_champagne001-768x512.jpg 768w, https:\/\/agrion-risle-charentonne.fr\/wp-content\/uploads\/2023\/04\/slider_jardin_champagne001-1536x1024.jpg 1536w, https:\/\/agrion-risle-charentonne.fr\/wp-content\/uploads\/2023\/04\/slider_jardin_champagne001-2048x1365.jpg 2048w, https:\/\/agrion-risle-charentonne.fr\/wp-content\/uploads\/2023\/04\/slider_jardin_champagne001-1200x800.jpg 1200w, https:\/\/agrion-risle-charentonne.fr\/wp-content\/uploads\/2023\/04\/slider_jardin_champagne001-1980x1320.jpg 1980w\" sizes=\"auto, (max-width: 1024px) 100vw, 1024px\" \/><\/figure>\n\n\n\n<figure class=\"wp-block-image size-large\"><img loading=\"lazy\" decoding=\"async\" width=\"1024\" height=\"768\" src=\"https:\/\/agrion-risle-charentonne.fr\/wp-content\/uploads\/2023\/04\/slider_jardin_champagne002-1024x768.jpg\" alt=\"\" class=\"wp-image-253\" srcset=\"https:\/\/agrion-risle-charentonne.fr\/wp-content\/uploads\/2023\/04\/slider_jardin_champagne002-1024x768.jpg 1024w, https:\/\/agrion-risle-charentonne.fr\/wp-content\/uploads\/2023\/04\/slider_jardin_champagne002-300x225.jpg 300w, https:\/\/agrion-risle-charentonne.fr\/wp-content\/uploads\/2023\/04\/slider_jardin_champagne002-768x576.jpg 768w, https:\/\/agrion-risle-charentonne.fr\/wp-content\/uploads\/2023\/04\/slider_jardin_champagne002.jpg 1200w\" sizes=\"auto, (max-width: 1024px) 100vw, 1024px\" \/><\/figure>\n\n\n\n<h2 class=\"wp-block-heading\">Derni\u00e8res nouvelles des jardins partag\u00e9s<\/h2>\n\n\n\n<p>Les derniers articles publi\u00e9s au sujet des jardins partag\u00e9s de l&rsquo;Agrion appara\u00eetront ci-dessous.<\/p>\n\n\n<ul class=\"wp-block-latest-posts__list is-grid columns-3 has-dates has-author alignfull wp-block-latest-posts\"><li><div class=\"wp-block-latest-posts__featured-image alignright\"><img loading=\"lazy\" decoding=\"async\" width=\"300\" height=\"172\" src=\"https:\/\/agrion-risle-charentonne.fr\/wp-content\/uploads\/2023\/07\/PXL_20230706_182523612.PANO_-300x172.png\" class=\"attachment-medium size-medium wp-post-image\" alt=\"\" style=\"\" srcset=\"https:\/\/agrion-risle-charentonne.fr\/wp-content\/uploads\/2023\/07\/PXL_20230706_182523612.PANO_-300x172.png 300w, https:\/\/agrion-risle-charentonne.fr\/wp-content\/uploads\/2023\/07\/PXL_20230706_182523612.PANO_-1024x587.png 1024w, https:\/\/agrion-risle-charentonne.fr\/wp-content\/uploads\/2023\/07\/PXL_20230706_182523612.PANO_-768x440.png 768w, https:\/\/agrion-risle-charentonne.fr\/wp-content\/uploads\/2023\/07\/PXL_20230706_182523612.PANO_-1536x881.png 1536w, https:\/\/agrion-risle-charentonne.fr\/wp-content\/uploads\/2023\/07\/PXL_20230706_182523612.PANO_-1200x688.png 1200w, https:\/\/agrion-risle-charentonne.fr\/wp-content\/uploads\/2023\/07\/PXL_20230706_182523612.PANO_.png 1566w\" sizes=\"auto, (max-width: 300px) 100vw, 300px\" \/><\/div><a class=\"wp-block-latest-posts__post-title\" href=\"https:\/\/agrion-risle-charentonne.fr\/index.php\/2023\/07\/07\/pique-nique-des-jardins-partages\/\">Pique-nique des jardins partag\u00e9s<\/a><div class=\"wp-block-latest-posts__post-author\">par Antoine<\/div><time datetime=\"2023-07-07T09:13:03+02:00\" class=\"wp-block-latest-posts__post-date\">7 juillet 2023<\/time><div class=\"wp-block-latest-posts__post-excerpt\">Hier soir se tenait dans une ambiance conviviale le pique-nique annuel des jardins partag\u00e9s de l&rsquo;Agrion. Les jardiniers ont \u00e9t\u00e9 convi\u00e9s \u00e0 un ap\u00e9ritif qui s&rsquo;est tenu dans les jardins de la rue de Champagne. S&rsquo;ensuivit un pique-nique dans le parc du presbyt\u00e8re de la Couture. Cette soir\u00e9e a permis\u2026 <a class=\"wp-block-latest-posts__read-more\" href=\"https:\/\/agrion-risle-charentonne.fr\/index.php\/2023\/07\/07\/pique-nique-des-jardins-partages\/\" rel=\"noopener noreferrer\">Lire la suite<span class=\"screen-reader-text\">\u00a0: Pique-nique des jardins partag\u00e9s<\/span><\/a><\/div><\/li>\n<li><div class=\"wp-block-latest-posts__featured-image alignright\"><img loading=\"lazy\" decoding=\"async\" width=\"300\" height=\"225\" src=\"https:\/\/agrion-risle-charentonne.fr\/wp-content\/uploads\/2023\/05\/PXL_20230516_101225928-300x225.jpg\" class=\"attachment-medium size-medium wp-post-image\" alt=\"\" style=\"\" srcset=\"https:\/\/agrion-risle-charentonne.fr\/wp-content\/uploads\/2023\/05\/PXL_20230516_101225928-300x225.jpg 300w, https:\/\/agrion-risle-charentonne.fr\/wp-content\/uploads\/2023\/05\/PXL_20230516_101225928-1024x768.jpg 1024w, https:\/\/agrion-risle-charentonne.fr\/wp-content\/uploads\/2023\/05\/PXL_20230516_101225928-768x576.jpg 768w, https:\/\/agrion-risle-charentonne.fr\/wp-content\/uploads\/2023\/05\/PXL_20230516_101225928-1536x1152.jpg 1536w, https:\/\/agrion-risle-charentonne.fr\/wp-content\/uploads\/2023\/05\/PXL_20230516_101225928-2048x1536.jpg 2048w, https:\/\/agrion-risle-charentonne.fr\/wp-content\/uploads\/2023\/05\/PXL_20230516_101225928-1200x900.jpg 1200w, https:\/\/agrion-risle-charentonne.fr\/wp-content\/uploads\/2023\/05\/PXL_20230516_101225928-1980x1485.jpg 1980w\" sizes=\"auto, (max-width: 300px) 100vw, 300px\" \/><\/div><a class=\"wp-block-latest-posts__post-title\" href=\"https:\/\/agrion-risle-charentonne.fr\/index.php\/2023\/05\/16\/purin-dorties-30-litres-en-cours-de-preparation\/\">Purin d&rsquo;orties : 30 litres en cours de pr\u00e9paration !<\/a><div class=\"wp-block-latest-posts__post-author\">par Antoine<\/div><time datetime=\"2023-05-16T14:38:05+02:00\" class=\"wp-block-latest-posts__post-date\">16 mai 2023<\/time><div class=\"wp-block-latest-posts__post-excerpt\">On pr\u00eate au purin d&rsquo;orties de nombreuses vertus : Soit ! Pour en avoir le c\u0153ur net, Thierry, Pierre et Antoine ont d\u00e9cid\u00e9 de se lancer dans la production de purin d&rsquo;orties, en faisant fermenter 3 kg d&rsquo;orties dans 30 L d&rsquo;eau pour les prochaines semaines. Le processus sera suivi\u2026 <a class=\"wp-block-latest-posts__read-more\" href=\"https:\/\/agrion-risle-charentonne.fr\/index.php\/2023\/05\/16\/purin-dorties-30-litres-en-cours-de-preparation\/\" rel=\"noopener noreferrer\">Lire la suite<span class=\"screen-reader-text\">\u00a0: Purin d&rsquo;orties : 30 litres en cours de pr\u00e9paration !<\/span><\/a><\/div><\/li>\n<li><a class=\"wp-block-latest-posts__post-title\" href=\"https:\/\/agrion-risle-charentonne.fr\/index.php\/2023\/04\/08\/un-groupe-whatsapp-pour-les-echanges-entre-jardiniers-du-presbytere\/\">Un groupe WhatsApp pour les \u00e9changes entre jardiniers du Presbyt\u00e8re<\/a><div class=\"wp-block-latest-posts__post-author\">par Antoine<\/div><time datetime=\"2023-04-08T09:52:00+02:00\" class=\"wp-block-latest-posts__post-date\">8 avril 2023<\/time><div class=\"wp-block-latest-posts__post-excerpt\">Afin de faciliter les \u00e9changes entre les jardiniers du presbyt\u00e8re, un groupe WhatsApp a \u00e9t\u00e9 cr\u00e9\u00e9 par Thierry. Le groupe a vocation \u00e0 faciliter la mise en relation et l&rsquo;entraide entre jardiniers et connait d\u00e9j\u00e0 une activit\u00e9 fulgurante depuis sa cr\u00e9ation il y a deux semaines. Merci \u00e0 Thierry pour\u2026 <a class=\"wp-block-latest-posts__read-more\" href=\"https:\/\/agrion-risle-charentonne.fr\/index.php\/2023\/04\/08\/un-groupe-whatsapp-pour-les-echanges-entre-jardiniers-du-presbytere\/\" rel=\"noopener noreferrer\">Lire la suite<span class=\"screen-reader-text\">\u00a0: Un groupe WhatsApp pour les \u00e9changes entre jardiniers du Presbyt\u00e8re<\/span><\/a><\/div><\/li>\n<li><div class=\"wp-block-latest-posts__featured-image alignright\"><img loading=\"lazy\" decoding=\"async\" width=\"169\" height=\"300\" src=\"https:\/\/agrion-risle-charentonne.fr\/wp-content\/uploads\/2023\/04\/WhatsApp-Image-2023-04-04-a-19.01.57-169x300.jpg\" class=\"attachment-medium size-medium wp-post-image\" alt=\"Nouvelle all\u00e9e dans les jardins partag\u00e9s du Presbyt\u00e8re\" style=\"\" srcset=\"https:\/\/agrion-risle-charentonne.fr\/wp-content\/uploads\/2023\/04\/WhatsApp-Image-2023-04-04-a-19.01.57-169x300.jpg 169w, https:\/\/agrion-risle-charentonne.fr\/wp-content\/uploads\/2023\/04\/WhatsApp-Image-2023-04-04-a-19.01.57-578x1024.jpg 578w, https:\/\/agrion-risle-charentonne.fr\/wp-content\/uploads\/2023\/04\/WhatsApp-Image-2023-04-04-a-19.01.57-768x1360.jpg 768w, https:\/\/agrion-risle-charentonne.fr\/wp-content\/uploads\/2023\/04\/WhatsApp-Image-2023-04-04-a-19.01.57-867x1536.jpg 867w, https:\/\/agrion-risle-charentonne.fr\/wp-content\/uploads\/2023\/04\/WhatsApp-Image-2023-04-04-a-19.01.57.jpg 1120w\" sizes=\"auto, (max-width: 169px) 100vw, 169px\" \/><\/div><a class=\"wp-block-latest-posts__post-title\" href=\"https:\/\/agrion-risle-charentonne.fr\/index.php\/2023\/04\/08\/une-nouvelle-allee-dans-le-jardin-du-presbytere\/\">Une nouvelle all\u00e9e dans le jardin du presbyt\u00e8re<\/a><div class=\"wp-block-latest-posts__post-author\">par Antoine<\/div><time datetime=\"2023-04-08T09:48:08+02:00\" class=\"wp-block-latest-posts__post-date\">8 avril 2023<\/time><div class=\"wp-block-latest-posts__post-excerpt\">C&rsquo;est la p\u00e9riode des travaux de printemps aux jardins partag\u00e9s du presbyt\u00e8re ! Depuis quelques semaines, des b\u00e9n\u00e9voles et jardiniers travaillent main dans la main pour leur remise en \u00e9tat. La vigne et le figuier ont \u00e9t\u00e9 taill\u00e9s, et une nouvelle all\u00e9e pour circuler plus facilement entre les parcelles a\u2026 <a class=\"wp-block-latest-posts__read-more\" href=\"https:\/\/agrion-risle-charentonne.fr\/index.php\/2023\/04\/08\/une-nouvelle-allee-dans-le-jardin-du-presbytere\/\" rel=\"noopener noreferrer\">Lire la suite<span class=\"screen-reader-text\">\u00a0: Une nouvelle all\u00e9e dans le jardin du presbyt\u00e8re<\/span><\/a><\/div><\/li>\n<\/ul>","protected":false},"excerpt":{"rendered":"<p>Les jardins partag\u00e9s L&rsquo;Agrion propose \u00e0 ses adh\u00e9rents qui en font la demande une parcelle dans un de ses deux jardins partag\u00e9s. Les jardins sont situ\u00e9s rue de Champagne et [&hellip;]<\/p>\n","protected":false},"author":1,"featured_media":17,"parent":0,"menu_order":0,"comment_status":"closed","ping_status":"closed","template":"templates\/template-cover.php","meta":{"_EventAllDay":false,"_EventTimezone":"","_EventStartDate":"","_EventEndDate":"","_EventStartDateUTC":"","_EventEndDateUTC":"","_EventShowMap":false,"_EventShowMapLink":false,"_EventURL":"","_EventCost":"","_EventCostDescription":"","_EventCurrencySymbol":"","_EventCurrencyCode":"","_EventCurrencyPosition":"","_EventDateTimeSeparator":"","_EventTimeRangeSeparator":"","_EventOrganizerID":[],"_EventVenueID":[],"_OrganizerEmail":"","_OrganizerPhone":"","_OrganizerWebsite":"","_VenueAddress":"","_VenueCity":"","_VenueCountry":"","_VenueProvince":"","_VenueState":"","_VenueZip":"","_VenuePhone":"","_VenueURL":"","_VenueStateProvince":"","_VenueLat":"","_VenueLng":"","_VenueShowMap":false,"_VenueShowMapLink":false,"footnotes":""},"class_list":["post-14","page","type-page","status-publish","has-post-thumbnail","hentry"],"_links":{"self":[{"href":"https:\/\/agrion-risle-charentonne.fr\/index.php\/wp-json\/wp\/v2\/pages\/14","targetHints":{"allow":["GET"]}}],"collection":[{"href":"https:\/\/agrion-risle-charentonne.fr\/index.php\/wp-json\/wp\/v2\/pages"}],"about":[{"href":"https:\/\/agrion-risle-charentonne.fr\/index.php\/wp-json\/wp\/v2\/types\/page"}],"author":[{"embeddable":true,"href":"https:\/\/agrion-risle-charentonne.fr\/index.php\/wp-json\/wp\/v2\/users\/1"}],"replies":[{"embeddable":true,"href":"https:\/\/agrion-risle-charentonne.fr\/index.php\/wp-json\/wp\/v2\/comments?post=14"}],"version-history":[{"count":19,"href":"https:\/\/agrion-risle-charentonne.fr\/index.php\/wp-json\/wp\/v2\/pages\/14\/revisions"}],"predecessor-version":[{"id":258,"href":"https:\/\/agrion-risle-charentonne.fr\/index.php\/wp-json\/wp\/v2\/pages\/14\/revisions\/258"}],"wp:featuredmedia":[{"embeddable":true,"href":"https:\/\/agrion-risle-charentonne.fr\/index.php\/wp-json\/wp\/v2\/media\/17"}],"wp:attachment":[{"href":"https:\/\/agrion-risle-charentonne.fr\/index.php\/wp-json\/wp\/v2\/media?parent=14"}],"curies":[{"name":"wp","href":"https:\/\/api.w.org\/{rel}","templated":true}]}}